{"id":78,"date":"2018-03-20T20:03:55","date_gmt":"2018-03-20T19:03:55","guid":{"rendered":"http:\/\/schirmilabs.de\/?page_id=78"},"modified":"2022-09-10T19:38:40","modified_gmt":"2022-09-10T17:38:40","slug":"rugged-raspberry-pi-t-adapter","status":"publish","type":"page","link":"https:\/\/schirmilabs.de\/?page_id=78","title":{"rendered":"Rugged Raspberry Pi T-Adapter (RuggPiT)"},"content":{"rendered":"\n<figure class=\"wp-block-image size-full\"><img loading=\"lazy\" decoding=\"async\" width=\"224\" height=\"300\" src=\"https:\/\/schirmilabs.de\/wp-content\/uploads\/2022\/09\/RuggPiT.png\" alt=\"\" class=\"wp-image-388\"\/><\/figure>\n\n\n\n<p>RuggPiT ist ein robuster GPIO Adapter f\u00fcr den Raspberry Pi<\/p>\n\n\n\n<ul class=\"wp-block-list\"><li>Alle Ein-\/Ausg\u00e4nge sind \u00fcber eine 14 mA PTC Sicherung und eine 3.3V Zenerdiode gegen \u00dcberspannung und \u00dcberstrom abgesichert<\/li><li>Eigener 3.3V Spannungsregler<\/li><li>Strombegrenzung und Absicherung der 5V Versorgungsspannung \u00fcber einen Texas Instruments power-distribution switch<\/li><li>\u00dcberstromanzeige \u00fcber rote LED<\/li><li>F\u00fcr den Anschluss von LEDs oder anderen Bauteilen ist kein Vorwiderstand n\u00f6tig<\/li><\/ul>\n\n\n\n<p><a href=\"http:\/\/creativecommons.org\/licenses\/by-nc-sa\/4.0\/\" rel=\"license\"><img decoding=\"async\" style=\"border-width: 0;\" src=\"https:\/\/i.creativecommons.org\/l\/by-nc-sa\/4.0\/88x31.png\" alt=\"Creative Commons License\"><\/a><br>Lizenz: <a href=\"http:\/\/creativecommons.org\/licenses\/by-nc-sa\/4.0\/\" rel=\"license\">Creative Commons Attribution-NonCommercial-ShareAlike 4.0 International License<\/a>.<\/p>\n","protected":false},"excerpt":{"rendered":"<p>RuggPiT ist ein robuster GPIO Adapter f\u00fcr den Raspberry Pi Alle Ein-\/Ausg\u00e4nge sind \u00fcber eine 14 mA PTC Sicherung und eine 3.3V Zenerdiode gegen \u00dcberspannung und \u00dcberstrom abgesichert Eigener 3.3V Spannungsregler Strombegrenzung und Absicherung der 5V Versorgungsspannung \u00fcber einen Texas Instruments power-distribution switch \u00dcberstromanzeige \u00fcber rote LED F\u00fcr den Anschluss von LEDs oder anderen Bauteilen [&hellip;]<\/p>\n","protected":false},"author":1,"featured_media":0,"parent":0,"menu_order":0,"comment_status":"closed","ping_status":"closed","template":"","meta":{"footnotes":""},"categories":[6],"tags":[],"class_list":["post-78","page","type-page","status-publish","hentry","category-raspberry-pi"],"_links":{"self":[{"href":"https:\/\/schirmilabs.de\/index.php?rest_route=\/wp\/v2\/pages\/78","targetHints":{"allow":["GET"]}}],"collection":[{"href":"https:\/\/schirmilabs.de\/index.php?rest_route=\/wp\/v2\/pages"}],"about":[{"href":"https:\/\/schirmilabs.de\/index.php?rest_route=\/wp\/v2\/types\/page"}],"author":[{"embeddable":true,"href":"https:\/\/schirmilabs.de\/index.php?rest_route=\/wp\/v2\/users\/1"}],"replies":[{"embeddable":true,"href":"https:\/\/schirmilabs.de\/index.php?rest_route=%2Fwp%2Fv2%2Fcomments&post=78"}],"version-history":[{"count":8,"href":"https:\/\/schirmilabs.de\/index.php?rest_route=\/wp\/v2\/pages\/78\/revisions"}],"predecessor-version":[{"id":390,"href":"https:\/\/schirmilabs.de\/index.php?rest_route=\/wp\/v2\/pages\/78\/revisions\/390"}],"wp:attachment":[{"href":"https:\/\/schirmilabs.de\/index.php?rest_route=%2Fwp%2Fv2%2Fmedia&parent=78"}],"wp:term":[{"taxonomy":"category","embeddable":true,"href":"https:\/\/schirmilabs.de\/index.php?rest_route=%2Fwp%2Fv2%2Fcategories&post=78"},{"taxonomy":"post_tag","embeddable":true,"href":"https:\/\/schirmilabs.de\/index.php?rest_route=%2Fwp%2Fv2%2Ftags&post=78"}],"curies":[{"name":"wp","href":"https:\/\/api.w.org\/{rel}","templated":true}]}}