{"id":484,"date":"2024-06-28T20:26:11","date_gmt":"2024-06-28T18:26:11","guid":{"rendered":"https:\/\/schirmilabs.de\/?page_id=484"},"modified":"2024-06-29T06:08:29","modified_gmt":"2024-06-29T04:08:29","slug":"bleep-drum-schirmilabs-remix","status":"publish","type":"page","link":"https:\/\/schirmilabs.de\/?page_id=484","title":{"rendered":"Bleep Drum &#8211; Schirmilabs Remix"},"content":{"rendered":"\n<p><img loading=\"lazy\" decoding=\"async\" width=\"200\" height=\"340\" class=\"wp-image-486\" style=\"width: 200px;\" src=\"https:\/\/schirmilabs.de\/wp-content\/uploads\/2024\/06\/Ende-1-e1719598984628.png\" alt=\"\"><\/p>\n\n\n\n<p>Bleep Drum ist eine auf Arduino basierende Lo-Fi-Rad-Fi-Drum-Maschine, die von Dr. Bleep von Bleep Labs entwickelt wurde .<\/p>\n\n\n\n<p>Die Bleep Drum verf\u00fcgt \u00fcber vier Drum-Sounds, von denen zwei \u00fcber eine Tonh\u00f6hensteuerung verf\u00fcgen. Sobald du einen tollen Beat gefunden  hast, kannst du ihn im Sequencer aufnehmen, indem du einfach auf die Aufnahmetaste dr\u00fcckst und jammst. Es gibt vier separate Spuren, sodass  du vier verschiedene Sequenzen aufnehmen und wiedergeben kannst. Die Aufnahme erfolgt additiv, sodass du Sounds \u00fcber Sounds \u00fcberlagern kannst, bis sie laut genug f\u00fcr deinen Geschmack sind. Du kannst auch das Tempo eingeben und es f\u00fcr aufgenommene Sequenzen \u00e4ndern.<\/p>\n\n\n\n<p>Technische Daten:<\/p>\n\n\n\n<ul class=\"wp-block-list\"><li>Vier Sounds, zwei mit Pitch-Steuerung<\/li><li>Wunderbar knackiger 8-Bit-DAC-Ausgang mit einer Abtastrate von ~10 kHz<\/li><li>Vier w\u00e4hlbare Sequenzen mit jeweils 32 Schritten<\/li><li>Nehme Muster auf, indem du sie einfach abspielst<\/li><li>Tempo einstellbar<\/li><li>R\u00fcckw\u00e4rts-Modus<\/li><li>Hyper Noise 30XX-Modus<\/li><li>9-V-Batteriebetrieb<\/li><li>\u201eStereo\u201c 1\/8\u2033-Ausgang<\/li><\/ul>\n","protected":false},"excerpt":{"rendered":"<p>Bleep Drum ist eine auf Arduino basierende Lo-Fi-Rad-Fi-Drum-Maschine, die von Dr. Bleep von Bleep Labs entwickelt wurde . Die Bleep Drum verf\u00fcgt \u00fcber vier Drum-Sounds, von denen zwei \u00fcber eine Tonh\u00f6hensteuerung verf\u00fcgen. Sobald du einen tollen Beat gefunden hast, kannst du ihn im Sequencer aufnehmen, indem du einfach auf die Aufnahmetaste dr\u00fcckst und jammst. Es [&hellip;]<\/p>\n","protected":false},"author":1,"featured_media":0,"parent":0,"menu_order":0,"comment_status":"closed","ping_status":"closed","template":"","meta":{"footnotes":""},"categories":[],"tags":[],"class_list":["post-484","page","type-page","status-publish","hentry"],"_links":{"self":[{"href":"https:\/\/schirmilabs.de\/index.php?rest_route=\/wp\/v2\/pages\/484","targetHints":{"allow":["GET"]}}],"collection":[{"href":"https:\/\/schirmilabs.de\/index.php?rest_route=\/wp\/v2\/pages"}],"about":[{"href":"https:\/\/schirmilabs.de\/index.php?rest_route=\/wp\/v2\/types\/page"}],"author":[{"embeddable":true,"href":"https:\/\/schirmilabs.de\/index.php?rest_route=\/wp\/v2\/users\/1"}],"replies":[{"embeddable":true,"href":"https:\/\/schirmilabs.de\/index.php?rest_route=%2Fwp%2Fv2%2Fcomments&post=484"}],"version-history":[{"count":11,"href":"https:\/\/schirmilabs.de\/index.php?rest_route=\/wp\/v2\/pages\/484\/revisions"}],"predecessor-version":[{"id":506,"href":"https:\/\/schirmilabs.de\/index.php?rest_route=\/wp\/v2\/pages\/484\/revisions\/506"}],"wp:attachment":[{"href":"https:\/\/schirmilabs.de\/index.php?rest_route=%2Fwp%2Fv2%2Fmedia&parent=484"}],"wp:term":[{"taxonomy":"category","embeddable":true,"href":"https:\/\/schirmilabs.de\/index.php?rest_route=%2Fwp%2Fv2%2Fcategories&post=484"},{"taxonomy":"post_tag","embeddable":true,"href":"https:\/\/schirmilabs.de\/index.php?rest_route=%2Fwp%2Fv2%2Ftags&post=484"}],"curies":[{"name":"wp","href":"https:\/\/api.w.org\/{rel}","templated":true}]}}