{"id":13,"date":"2018-03-17T17:24:36","date_gmt":"2018-03-17T16:24:36","guid":{"rendered":"https:\/\/schirmilabs.de\/?page_id=13"},"modified":"2021-12-05T07:04:29","modified_gmt":"2021-12-05T06:04:29","slug":"eduino-eduardo","status":"publish","type":"page","link":"https:\/\/schirmilabs.de\/?page_id=13","title":{"rendered":"Eduino Eduardo"},"content":{"rendered":"<p><img loading=\"lazy\" decoding=\"async\" class=\"alignnone size-medium wp-image-34\" src=\"https:\/\/schirmilabs.de\/wp-content\/uploads\/2018\/03\/EduinoEduardo_256-300x211.png\" alt=\"\" width=\"300\" height=\"211\" srcset=\"https:\/\/schirmilabs.de\/wp-content\/uploads\/2018\/03\/EduinoEduardo_256-300x211.png 300w, https:\/\/schirmilabs.de\/wp-content\/uploads\/2018\/03\/EduinoEduardo_256-768x540.png 768w, https:\/\/schirmilabs.de\/wp-content\/uploads\/2018\/03\/EduinoEduardo_256-1024x719.png 1024w, https:\/\/schirmilabs.de\/wp-content\/uploads\/2018\/03\/EduinoEduardo_256.png 1893w\" sizes=\"auto, (max-width: 300px) 100vw, 300px\" \/><\/p>\n<p>Eduino Eduardo ist eine verbesserte DIY Version des\u00a0\u00a0<a href=\"https:\/\/store.arduino.cc\/usa\/arduino-uno-rev3\">Arduino UNO REV3<\/a><\/p>\n<p>Die wesentlichen \u00c4nderungen sind:<\/p>\n<ul>\n<li>Umschaltung der Versorgungsspannung \u00fcber zwei Texas Instruments power-distribution switches (TPS2041 \/ TPS2051)<\/li>\n<li>Strombegrenzung f\u00fcr beide Versorgungsspannungen (USB \/ VIn)<\/li>\n<li>\u00dcberstromanzeige \u00fcber zwei rote LEDs<\/li>\n<li>PIC 16F1455 als USB Mikrocontroller<\/li>\n<li>Verpolungsschutz bis 30V f\u00fcr VIn<\/li>\n<li>3.3V Spannungsregler<\/li>\n<\/ul>\n<p>Projekt auf instructables.com:<a href=\"https:\/\/www.instructables.com\/id\/Eduino-Eduardo\/\"> https:\/\/www.instructables.com\/id\/Eduino-Eduardo\/<\/a><\/p>\n<p><a href=\"http:\/\/creativecommons.org\/licenses\/by-sa\/4.0\/\" rel=\"license\"><img decoding=\"async\" style=\"border-width: 0;\" src=\"https:\/\/i.creativecommons.org\/l\/by-sa\/4.0\/88x31.png\" alt=\"Creative Commons License\" \/><\/a><br \/>Lizenz:\u00a0<a href=\"http:\/\/creativecommons.org\/licenses\/by-sa\/4.0\/deed.de\" rel=\"license\">Creative Commons Attribution-ShareAlike 4.0 International License<\/a>.<\/p>\n\n\n<p><\/p>\n","protected":false},"excerpt":{"rendered":"<p>Eduino Eduardo ist eine verbesserte DIY Version des\u00a0\u00a0Arduino UNO REV3 Die wesentlichen \u00c4nderungen sind: Umschaltung der Versorgungsspannung \u00fcber zwei Texas Instruments power-distribution switches (TPS2041 \/ TPS2051) Strombegrenzung f\u00fcr beide Versorgungsspannungen (USB \/ VIn) \u00dcberstromanzeige \u00fcber zwei rote LEDs PIC 16F1455 als USB Mikrocontroller Verpolungsschutz bis 30V f\u00fcr VIn 3.3V Spannungsregler Projekt auf instructables.com: https:\/\/www.instructables.com\/id\/Eduino-Eduardo\/ Lizenz:\u00a0Creative [&hellip;]<\/p>\n","protected":false},"author":1,"featured_media":0,"parent":0,"menu_order":0,"comment_status":"closed","ping_status":"closed","template":"","meta":{"footnotes":""},"categories":[5],"tags":[],"class_list":["post-13","page","type-page","status-publish","hentry","category-arduino"],"_links":{"self":[{"href":"https:\/\/schirmilabs.de\/index.php?rest_route=\/wp\/v2\/pages\/13","targetHints":{"allow":["GET"]}}],"collection":[{"href":"https:\/\/schirmilabs.de\/index.php?rest_route=\/wp\/v2\/pages"}],"about":[{"href":"https:\/\/schirmilabs.de\/index.php?rest_route=\/wp\/v2\/types\/page"}],"author":[{"embeddable":true,"href":"https:\/\/schirmilabs.de\/index.php?rest_route=\/wp\/v2\/users\/1"}],"replies":[{"embeddable":true,"href":"https:\/\/schirmilabs.de\/index.php?rest_route=%2Fwp%2Fv2%2Fcomments&post=13"}],"version-history":[{"count":13,"href":"https:\/\/schirmilabs.de\/index.php?rest_route=\/wp\/v2\/pages\/13\/revisions"}],"predecessor-version":[{"id":219,"href":"https:\/\/schirmilabs.de\/index.php?rest_route=\/wp\/v2\/pages\/13\/revisions\/219"}],"wp:attachment":[{"href":"https:\/\/schirmilabs.de\/index.php?rest_route=%2Fwp%2Fv2%2Fmedia&parent=13"}],"wp:term":[{"taxonomy":"category","embeddable":true,"href":"https:\/\/schirmilabs.de\/index.php?rest_route=%2Fwp%2Fv2%2Fcategories&post=13"},{"taxonomy":"post_tag","embeddable":true,"href":"https:\/\/schirmilabs.de\/index.php?rest_route=%2Fwp%2Fv2%2Ftags&post=13"}],"curies":[{"name":"wp","href":"https:\/\/api.w.org\/{rel}","templated":true}]}}